
{"id":20,"date":"2012-01-10T19:53:39","date_gmt":"2012-01-10T19:53:39","guid":{"rendered":"http:\/\/www.knihovna.info\/xxxx\/?page_id=20"},"modified":"2020-10-21T19:11:54","modified_gmt":"2020-10-21T19:11:54","slug":"o-nas","status":"publish","type":"page","link":"https:\/\/nydek.knihovna.info\/?page_id=20","title":{"rendered":"Rady \u010dten\u00e1\u0159\u016fm"},"content":{"rendered":"<p>Pro na\u0161e \u010dten\u00e1\u0159e &#8211; koment\u00e1\u0159 dopl\u0148uj\u00edc\u00ed <a href=\"http:\/\/nydek.knihovna.info\/?page_id=16\"><em><strong>Knihovn\u00ed \u0159\u00e1d<\/strong><br \/>\n<\/em><\/a><\/p>\n<p><strong>\u010cten\u00e1\u0159sk\u00fd pr\u016fkaz<\/strong><\/p>\n<p>je nep\u0159enosn\u00fd, nutno jej p\u0159edlo\u017eit p\u0159i ka\u017ed\u00e9 n\u00e1v\u0161t\u011bv\u011b knihovny. Bez pr\u016fkazu p\u016fj\u010dovat nelze, ale je mo\u017en\u00e9 donesen\u00e9 knihy vr\u00e1tit. P\u0159\u00edpadnou ztr\u00e1tu pr\u016fkazu hlaste pros\u00edm knihovnici a identifikujte se jin\u00fdm dokladem. Za poplatek 10,- K\u010d v\u00e1m bude vystaven pr\u016fkaz nov\u00fd.<\/p>\n<p><strong>Prodlou\u017een\u00ed v\u00fdp\u016fj\u010dn\u00ed doby<\/strong><\/p>\n<p>V\u00fdp\u016fj\u010dn\u00ed doba je 1 m\u011bs\u00edc. Nevr\u00e1t\u00edte-li ve stanoven\u00e9 lh\u016ft\u011b p\u016fj\u010den\u00e9 dokumenty, budeme v\u00e1m \u00fa\u010dtovat pokuty z\u00a0prodlen\u00ed dle na\u0161eho <strong><a href=\"http:\/\/nydek.knihovna.info\/?page_id=12\"><em>Cen\u00edku slu\u017eeb a sankc\u00ed<\/em><\/a>.<\/strong><br \/>\nPokud nem\u00e1te mo\u017enost se do knihovny dostavit ve stanoven\u00e9 dob\u011b, vyu\u017eijte mo\u017enosti v\u00fdp\u016fj\u010dn\u00ed dobu si prodlou\u017eit. Toto lze prov\u00e9st telefonicky, elektronickou po\u0161tou nebo vstupem do va\u0161eho\u00a0 \u010dten\u00e1\u0159sk\u00e9ho konta na na\u0161ich webov\u00fdch str\u00e1nk\u00e1ch.<\/p>\n<p><strong>Rezervace dokument\u016f<\/strong><\/p>\n<p>Dokumenty, kter\u00e9 v knihovn\u011b moment\u00e1ln\u011b nejsou k dispozici, si m\u016f\u017eete <strong>rezervovat. <\/strong>A to osobn\u011b v\u00a0knihovn\u011b, telefonicky nebo prost\u0159ednictv\u00edm on-line katalogu na webov\u00fdch str\u00e1nk\u00e1ch knihovny. U vytvo\u0159en\u00ed rezervace na konkr\u00e9tn\u00ed titul pou\u017eijete stejn\u00e9 p\u0159ihla\u0161ovac\u00ed \u00fadaje jako p\u0159i vstupu do va\u0161eho \u010dten\u00e1\u0159sk\u00e9ho konta. \u010cekaj\u00edc\u00ed rezervace v\u00e1m bude ozn\u00e1mena elektronickou po\u0161tou nebo SMS zpr\u00e1vou.<br \/>\nNem\u00e1-li knihovna ve sv\u00e9m fondu \u017e\u00e1danou literaturu, zprost\u0159edkuje ji prost\u0159ednictv\u00edm meziknihovn\u00ed v\u00fdp\u016fj\u010dn\u00ed slu\u017eby (MVS) za poplatky uveden\u00e9 v <strong><a href=\"http:\/\/nydek.knihovna.info\/?page_id=12\"><em>Cen\u00edku slu\u017eeb a sankc<\/em>\u00ed<\/a>.<\/strong><\/p>\n<p>Va\u0161e dotazy r\u00e1da zodpov\u00edm \u00fastn\u011b nebo p\u00edsemn\u011b, k n\u00e1v\u0161t\u011bv\u011b n\u00fddeck\u00e9 knihovny srde\u010dn\u011b zve knihovnice Kristina.<\/p>\n","protected":false},"excerpt":{"rendered":"<p>Pro na\u0161e \u010dten\u00e1\u0159e &#8211; koment\u00e1\u0159 dopl\u0148uj\u00edc\u00ed Knihovn\u00ed \u0159\u00e1d \u010cten\u00e1\u0159sk\u00fd pr\u016fkaz je nep\u0159enosn\u00fd, nutno jej p\u0159edlo\u017eit p\u0159i ka\u017ed\u00e9 n\u00e1v\u0161t\u011bv\u011b knihovny. Bez pr\u016fkazu p\u016fj\u010dovat nelze, ale je mo\u017en\u00e9 donesen\u00e9 knihy vr\u00e1tit. P\u0159\u00edpadnou ztr\u00e1tu pr\u016fkazu hlaste pros\u00edm knihovnici a identifikujte se jin\u00fdm dokladem. Za poplatek 10,- K\u010d v\u00e1m bude vystaven pr\u016fkaz nov\u00fd. Prodlou\u017een\u00ed v\u00fdp\u016fj\u010dn\u00ed doby V\u00fdp\u016fj\u010dn\u00ed doba je [&hellip;]<\/p>\n","protected":false},"author":1,"featured_media":0,"parent":0,"menu_order":0,"comment_status":"closed","ping_status":"closed","template":"","meta":{"footnotes":""},"class_list":["post-20","page","type-page","status-publish","hentry"],"_links":{"self":[{"href":"https:\/\/nydek.knihovna.info\/index.php?rest_route=\/wp\/v2\/pages\/20","targetHints":{"allow":["GET"]}}],"collection":[{"href":"https:\/\/nydek.knihovna.info\/index.php?rest_route=\/wp\/v2\/pages"}],"about":[{"href":"https:\/\/nydek.knihovna.info\/index.php?rest_route=\/wp\/v2\/types\/page"}],"author":[{"embeddable":true,"href":"https:\/\/nydek.knihovna.info\/index.php?rest_route=\/wp\/v2\/users\/1"}],"replies":[{"embeddable":true,"href":"https:\/\/nydek.knihovna.info\/index.php?rest_route=%2Fwp%2Fv2%2Fcomments&post=20"}],"version-history":[{"count":30,"href":"https:\/\/nydek.knihovna.info\/index.php?rest_route=\/wp\/v2\/pages\/20\/revisions"}],"predecessor-version":[{"id":881,"href":"https:\/\/nydek.knihovna.info\/index.php?rest_route=\/wp\/v2\/pages\/20\/revisions\/881"}],"wp:attachment":[{"href":"https:\/\/nydek.knihovna.info\/index.php?rest_route=%2Fwp%2Fv2%2Fmedia&parent=20"}],"curies":[{"name":"wp","href":"https:\/\/api.w.org\/{rel}","templated":true}]}}