
{"id":23,"date":"2012-01-10T19:55:02","date_gmt":"2012-01-10T19:55:02","guid":{"rendered":"http:\/\/www.knihovna.info\/xxxx\/?page_id=23"},"modified":"2025-07-24T15:30:19","modified_gmt":"2025-07-24T15:30:19","slug":"provozni-doba","status":"publish","type":"page","link":"https:\/\/nydek.knihovna.info\/?page_id=23","title":{"rendered":"P\u016fj\u010dovn\u00ed doba"},"content":{"rendered":"\n<figure class=\"wp-block-image size-large is-resized\"><a href=\"https:\/\/nydek.knihovna.info\/wp-content\/uploads\/2025\/07\/PujcDoba-2023.jpg\"><img loading=\"lazy\" decoding=\"async\" width=\"1024\" height=\"671\" src=\"https:\/\/nydek.knihovna.info\/wp-content\/uploads\/2025\/07\/PujcDoba-2023-1024x671.jpg\" alt=\"\" class=\"wp-image-1374\" style=\"width:702px;height:auto\" srcset=\"https:\/\/nydek.knihovna.info\/wp-content\/uploads\/2025\/07\/PujcDoba-2023-1024x671.jpg 1024w, https:\/\/nydek.knihovna.info\/wp-content\/uploads\/2025\/07\/PujcDoba-2023-300x197.jpg 300w, https:\/\/nydek.knihovna.info\/wp-content\/uploads\/2025\/07\/PujcDoba-2023-768x503.jpg 768w, https:\/\/nydek.knihovna.info\/wp-content\/uploads\/2025\/07\/PujcDoba-2023-1536x1006.jpg 1536w, https:\/\/nydek.knihovna.info\/wp-content\/uploads\/2025\/07\/PujcDoba-2023-2048x1342.jpg 2048w\" sizes=\"auto, (max-width: 1024px) 100vw, 1024px\" \/><\/a><\/figure>\n","protected":false},"excerpt":{"rendered":"","protected":false},"author":1,"featured_media":0,"parent":0,"menu_order":4,"comment_status":"closed","ping_status":"closed","template":"","meta":{"footnotes":""},"class_list":["post-23","page","type-page","status-publish","hentry"],"_links":{"self":[{"href":"https:\/\/nydek.knihovna.info\/index.php?rest_route=\/wp\/v2\/pages\/23","targetHints":{"allow":["GET"]}}],"collection":[{"href":"https:\/\/nydek.knihovna.info\/index.php?rest_route=\/wp\/v2\/pages"}],"about":[{"href":"https:\/\/nydek.knihovna.info\/index.php?rest_route=\/wp\/v2\/types\/page"}],"author":[{"embeddable":true,"href":"https:\/\/nydek.knihovna.info\/index.php?rest_route=\/wp\/v2\/users\/1"}],"replies":[{"embeddable":true,"href":"https:\/\/nydek.knihovna.info\/index.php?rest_route=%2Fwp%2Fv2%2Fcomments&post=23"}],"version-history":[{"count":40,"href":"https:\/\/nydek.knihovna.info\/index.php?rest_route=\/wp\/v2\/pages\/23\/revisions"}],"predecessor-version":[{"id":1375,"href":"https:\/\/nydek.knihovna.info\/index.php?rest_route=\/wp\/v2\/pages\/23\/revisions\/1375"}],"wp:attachment":[{"href":"https:\/\/nydek.knihovna.info\/index.php?rest_route=%2Fwp%2Fv2%2Fmedia&parent=23"}],"curies":[{"name":"wp","href":"https:\/\/api.w.org\/{rel}","templated":true}]}}